{"id":95,"date":"2024-11-27T16:30:35","date_gmt":"2024-11-27T15:30:35","guid":{"rendered":"https:\/\/www.gen-it.fr\/?page_id=95"},"modified":"2024-12-27T12:37:01","modified_gmt":"2024-12-27T11:37:01","slug":"postes-de-travail","status":"publish","type":"page","link":"https:\/\/www.gen-it.fr\/?page_id=95","title":{"rendered":"Postes de travail"},"content":{"rendered":"\t\t<div data-elementor-type=\"wp-page\" data-elementor-id=\"95\" class=\"elementor elementor-95\">\n\t\t\t\t<div class=\"elementor-element elementor-element-31baeae e-flex e-con-boxed e-con e-parent\" data-id=\"31baeae\" data-element_type=\"container\" data-e-type=\"container\">\n\t\t\t\t\t<div class=\"e-con-inner\">\n\t\t\t\t\t<\/div>\n\t\t\t\t<\/div>\n\t\t<div class=\"elementor-element elementor-element-b9159f7 e-flex e-con-boxed e-con e-parent\" data-id=\"b9159f7\" data-element_type=\"container\" data-e-type=\"container\">\n\t\t\t\t\t<div class=\"e-con-inner\">\n\t\t\t\t<div class=\"elementor-element elementor-element-556883c elementor-widget elementor-widget-heading\" data-id=\"556883c\" data-element_type=\"widget\" data-e-type=\"widget\" data-widget_type=\"heading.default\">\n\t\t\t\t<div class=\"elementor-widget-container\">\n\t\t\t\t\t<h1 class=\"elementor-heading-title elementor-size-default\">Des \u00e9quipements adapt\u00e9s pour un environnement de travail optimis\u00e9.<br><\/h1>\t\t\t\t<\/div>\n\t\t\t\t<\/div>\n\t\t\t\t\t<\/div>\n\t\t\t\t<\/div>\n\t\t<div class=\"elementor-element elementor-element-791999f e-flex e-con-boxed e-con e-parent\" data-id=\"791999f\" data-element_type=\"container\" data-e-type=\"container\">\n\t\t\t\t\t<div class=\"e-con-inner\">\n\t\t\t\t<div class=\"elementor-element elementor-element-8569f6e elementor-widget elementor-widget-text-editor\" data-id=\"8569f6e\" data-element_type=\"widget\" data-e-type=\"widget\" data-widget_type=\"text-editor.default\">\n\t\t\t\t<div class=\"elementor-widget-container\">\n\t\t\t\t\t\t\t\t\t<p>Nous savons qu\u2019un environnement de travail performant commence par un \u00e9quipement adapt\u00e9. Nous vous proposons une gamme compl\u00e8te de postes de travail et de solutions pour r\u00e9pondre aux besoins de vos collaborateurs.<\/p>\t\t\t\t\t\t\t\t<\/div>\n\t\t\t\t<\/div>\n\t\t\t\t\t<\/div>\n\t\t\t\t<\/div>\n\t\t<div class=\"elementor-element elementor-element-11b7f9f e-flex e-con-boxed e-con e-parent\" data-id=\"11b7f9f\" data-element_type=\"container\" data-e-type=\"container\">\n\t\t\t\t\t<div class=\"e-con-inner\">\n\t\t<div class=\"elementor-element elementor-element-1ae94de e-con-full e-flex e-con e-child\" data-id=\"1ae94de\" data-element_type=\"container\" data-e-type=\"container\">\n\t\t\t\t<div class=\"elementor-element elementor-element-f96b19c elementor-widget elementor-widget-image\" data-id=\"f96b19c\" data-element_type=\"widget\" data-e-type=\"widget\" data-widget_type=\"image.default\">\n\t\t\t\t<div class=\"elementor-widget-container\">\n\t\t\t\t\t\t\t\t\t\t\t\t\t\t\t<img decoding=\"async\" width=\"241\" height=\"185\" src=\"https:\/\/www.gen-it.fr\/wp-content\/uploads\/2024\/12\/Capture-decran-2024-12-10-154526.png\" class=\"attachment-large size-large wp-image-646\" alt=\"\" sizes=\"100vw\" \/>\t\t\t\t\t\t\t\t\t\t\t\t\t\t\t<\/div>\n\t\t\t\t<\/div>\n\t\t\t\t<\/div>\n\t\t<div class=\"elementor-element elementor-element-baf5f56 e-con-full e-flex e-con e-child\" data-id=\"baf5f56\" data-element_type=\"container\" data-e-type=\"container\">\n\t\t\t\t<div class=\"elementor-element elementor-element-eba116f elementor-widget elementor-widget-text-editor\" data-id=\"eba116f\" data-element_type=\"widget\" data-e-type=\"widget\" data-widget_type=\"text-editor.default\">\n\t\t\t\t<div class=\"elementor-widget-container\">\n\t\t\t\t\t\t\t\t\t<p><b>Ordinateurs fixes et portables<\/b><\/p><p>Des mod\u00e8les standard pour les t\u00e2ches courantes ou des configurations sur mesure pour les besoins sp\u00e9cifiques.<\/p><p><span style=\"color: var( --e-global-color-text ); font-family: var( --e-global-typography-text-font-family ), Sans-serif; font-weight: var( --e-global-typography-text-font-weight ); text-align: var(--text-align);\">Installation, configuration et mie en service incluses pour\u00a0<\/span><span style=\"color: var( --e-global-color-text ); font-family: var( --e-global-typography-text-font-family ), Sans-serif; font-weight: var( --e-global-typography-text-font-weight ); text-align: var(--text-align);\">un d\u00e9marrage rapide.\u00a0<\/span><\/p>\t\t\t\t\t\t\t\t<\/div>\n\t\t\t\t<\/div>\n\t\t\t\t<\/div>\n\t\t\t\t\t<\/div>\n\t\t\t\t<\/div>\n\t\t<div class=\"elementor-element elementor-element-ce485f6 e-flex e-con-boxed e-con e-parent\" data-id=\"ce485f6\" data-element_type=\"container\" data-e-type=\"container\">\n\t\t\t\t\t<div class=\"e-con-inner\">\n\t\t<div class=\"elementor-element elementor-element-ea35112 e-con-full e-flex e-con e-child\" data-id=\"ea35112\" data-element_type=\"container\" data-e-type=\"container\">\n\t\t\t\t<div class=\"elementor-element elementor-element-d6fee7e elementor-widget elementor-widget-image\" data-id=\"d6fee7e\" data-element_type=\"widget\" data-e-type=\"widget\" data-widget_type=\"image.default\">\n\t\t\t\t<div class=\"elementor-widget-container\">\n\t\t\t\t\t\t\t\t\t\t\t\t\t\t\t<img decoding=\"async\" width=\"186\" height=\"172\" src=\"https:\/\/www.gen-it.fr\/wp-content\/uploads\/2024\/12\/Capture-decran-2024-12-10-154508.png\" class=\"attachment-large size-large wp-image-648\" alt=\"\" sizes=\"100vw\" \/>\t\t\t\t\t\t\t\t\t\t\t\t\t\t\t<\/div>\n\t\t\t\t<\/div>\n\t\t\t\t<\/div>\n\t\t<div class=\"elementor-element elementor-element-7884a88 e-con-full e-flex e-con e-child\" data-id=\"7884a88\" data-element_type=\"container\" data-e-type=\"container\">\n\t\t\t\t<div class=\"elementor-element elementor-element-0a3d254 elementor-widget elementor-widget-text-editor\" data-id=\"0a3d254\" data-element_type=\"widget\" data-e-type=\"widget\" data-widget_type=\"text-editor.default\">\n\t\t\t\t<div class=\"elementor-widget-container\">\n\t\t\t\t\t\t\t\t\t<p><strong>Accessoires et p\u00e9riph\u00e9riques\u00a0<\/strong><\/p><p>Moniteurs, claviers, stations d\u2019accueil et autres \u00e9quipements\u00a0<br \/><span style=\"font-weight: var( --e-global-typography-text-font-weight );\">pour un environnement de travail ergonomique et optimis\u00e9.<\/span><\/p>\t\t\t\t\t\t\t\t<\/div>\n\t\t\t\t<\/div>\n\t\t\t\t<\/div>\n\t\t\t\t\t<\/div>\n\t\t\t\t<\/div>\n\t\t<div class=\"elementor-element elementor-element-a1c305a e-flex e-con-boxed e-con e-parent\" data-id=\"a1c305a\" data-element_type=\"container\" data-e-type=\"container\">\n\t\t\t\t\t<div class=\"e-con-inner\">\n\t\t<div class=\"elementor-element elementor-element-6820924 e-con-full e-flex e-con e-child\" data-id=\"6820924\" data-element_type=\"container\" data-e-type=\"container\">\n\t\t\t\t<div class=\"elementor-element elementor-element-b02cc8c elementor-widget elementor-widget-image\" data-id=\"b02cc8c\" data-element_type=\"widget\" data-e-type=\"widget\" data-widget_type=\"image.default\">\n\t\t\t\t<div class=\"elementor-widget-container\">\n\t\t\t\t\t\t\t\t\t\t\t\t\t\t\t<img decoding=\"async\" width=\"207\" height=\"167\" src=\"https:\/\/www.gen-it.fr\/wp-content\/uploads\/2024\/12\/Capture-decran-2024-12-10-154606.png\" class=\"attachment-large size-large wp-image-647\" alt=\"\" sizes=\"100vw\" \/>\t\t\t\t\t\t\t\t\t\t\t\t\t\t\t<\/div>\n\t\t\t\t<\/div>\n\t\t\t\t<\/div>\n\t\t<div class=\"elementor-element elementor-element-05e3e99 e-con-full e-flex e-con e-child\" data-id=\"05e3e99\" data-element_type=\"container\" data-e-type=\"container\">\n\t\t\t\t<div class=\"elementor-element elementor-element-ff85480 elementor-widget elementor-widget-text-editor\" data-id=\"ff85480\" data-element_type=\"widget\" data-e-type=\"widget\" data-widget_type=\"text-editor.default\">\n\t\t\t\t<div class=\"elementor-widget-container\">\n\t\t\t\t\t\t\t\t\t<p><b>Clients l\u00e9gers<\/b><\/p><p>Id\u00e9al pour les entreprises utilisant des solutions centralis\u00e9es. Ces terminaux offrent une s\u00e9curit\u00e9 accrue et des co\u00fbts d\u2019exploitation r\u00e9duits.<\/p>\t\t\t\t\t\t\t\t<\/div>\n\t\t\t\t<\/div>\n\t\t\t\t<\/div>\n\t\t\t\t\t<\/div>\n\t\t\t\t<\/div>\n\t\t<div class=\"elementor-element elementor-element-77fe2b1 e-flex e-con-boxed e-con e-parent\" data-id=\"77fe2b1\" data-element_type=\"container\" data-e-type=\"container\">\n\t\t\t\t\t<div class=\"e-con-inner\">\n\t\t\t\t<div class=\"elementor-element elementor-element-77cba27 elementor-widget elementor-widget-text-editor\" data-id=\"77cba27\" data-element_type=\"widget\" data-e-type=\"widget\" data-widget_type=\"text-editor.default\">\n\t\t\t\t<div class=\"elementor-widget-container\">\n\t\t\t\t\t\t\t\t\t<p class=\"MsoNormal\"><b>Avec Gen-IT, assurez \u00e0 vos \u00e9quipes un mat\u00e9riel fiable, s\u00e9curis\u00e9 et pr\u00eat \u00e0 l\u2019emploi.\u00a0<\/b><\/p>\t\t\t\t\t\t\t\t<\/div>\n\t\t\t\t<\/div>\n\t\t\t\t\t<\/div>\n\t\t\t\t<\/div>\n\t\t<div class=\"elementor-element elementor-element-110c161 e-flex e-con-boxed e-con e-parent\" data-id=\"110c161\" data-element_type=\"container\" data-e-type=\"container\">\n\t\t\t\t\t<div class=\"e-con-inner\">\n\t\t\t\t<div class=\"elementor-element elementor-element-1761b2d elementor-align-center elementor-widget elementor-widget-button\" data-id=\"1761b2d\" data-element_type=\"widget\" data-e-type=\"widget\" data-widget_type=\"button.default\">\n\t\t\t\t<div class=\"elementor-widget-container\">\n\t\t\t\t\t\t\t\t\t<div class=\"elementor-button-wrapper\">\n\t\t\t\t\t<a class=\"elementor-button elementor-button-link elementor-size-sm\" href=\"https:\/\/www.gen-it.fr\/?page_id=80\">\n\t\t\t\t\t\t<span class=\"elementor-button-content-wrapper\">\n\t\t\t\t\t\t\t\t\t<span class=\"elementor-button-text\">Demandez des informations compl\u00e9mentaires<\/span>\n\t\t\t\t\t<\/span>\n\t\t\t\t\t<\/a>\n\t\t\t\t<\/div>\n\t\t\t\t\t\t\t\t<\/div>\n\t\t\t\t<\/div>\n\t\t\t\t\t<\/div>\n\t\t\t\t<\/div>\n\t\t\t\t<\/div>\n\t\t","protected":false},"excerpt":{"rendered":"<p>Des \u00e9quipements adapt\u00e9s pour un environnement de travail optimis\u00e9. Nous savons qu\u2019un environnement de travail performant commence par un \u00e9quipement adapt\u00e9. Nous vous proposons une gamme compl\u00e8te de postes de travail et de solutions pour r\u00e9pondre aux besoins de vos collaborateurs. Ordinateurs fixes et portables Des mod\u00e8les standard pour les t\u00e2ches courantes ou des configurations &hellip; <\/p>\n<p class=\"link-more\"><a href=\"https:\/\/www.gen-it.fr\/?page_id=95\" class=\"more-link\">Lire la suite de<span class=\"screen-reader-text\">\u00ab\u00a0Postes de travail\u00a0\u00bb<\/span><\/a><\/p>\n","protected":false},"author":4,"featured_media":0,"parent":0,"menu_order":0,"comment_status":"closed","ping_status":"closed","template":"","meta":{"inspiro_hide_title":false,"footnotes":""},"class_list":["post-95","page","type-page","status-publish","hentry"],"featured_media_urls":[],"_links":{"self":[{"href":"https:\/\/www.gen-it.fr\/index.php?rest_route=\/wp\/v2\/pages\/95","targetHints":{"allow":["GET"]}}],"collection":[{"href":"https:\/\/www.gen-it.fr\/index.php?rest_route=\/wp\/v2\/pages"}],"about":[{"href":"https:\/\/www.gen-it.fr\/index.php?rest_route=\/wp\/v2\/types\/page"}],"author":[{"embeddable":true,"href":"https:\/\/www.gen-it.fr\/index.php?rest_route=\/wp\/v2\/users\/4"}],"replies":[{"embeddable":true,"href":"https:\/\/www.gen-it.fr\/index.php?rest_route=%2Fwp%2Fv2%2Fcomments&post=95"}],"version-history":[{"count":31,"href":"https:\/\/www.gen-it.fr\/index.php?rest_route=\/wp\/v2\/pages\/95\/revisions"}],"predecessor-version":[{"id":995,"href":"https:\/\/www.gen-it.fr\/index.php?rest_route=\/wp\/v2\/pages\/95\/revisions\/995"}],"wp:attachment":[{"href":"https:\/\/www.gen-it.fr\/index.php?rest_route=%2Fwp%2Fv2%2Fmedia&parent=95"}],"curies":[{"name":"wp","href":"https:\/\/api.w.org\/{rel}","templated":true}]}}