{"id":93,"date":"2024-11-27T16:30:21","date_gmt":"2024-11-27T15:30:21","guid":{"rendered":"https:\/\/www.gen-it.fr\/?page_id=93"},"modified":"2024-12-27T17:34:18","modified_gmt":"2024-12-27T16:34:18","slug":"securite-physique","status":"publish","type":"page","link":"https:\/\/www.gen-it.fr\/?page_id=93","title":{"rendered":"S\u00e9curit\u00e9 physique"},"content":{"rendered":"\t\t<div data-elementor-type=\"wp-page\" data-elementor-id=\"93\" class=\"elementor elementor-93\">\n\t\t\t\t<div class=\"elementor-element elementor-element-197d496 e-flex e-con-boxed e-con e-parent\" data-id=\"197d496\" data-element_type=\"container\" data-e-type=\"container\">\n\t\t\t\t\t<div class=\"e-con-inner\">\n\t\t\t\t\t<\/div>\n\t\t\t\t<\/div>\n\t\t<div class=\"elementor-element elementor-element-1ce455e e-flex e-con-boxed e-con e-parent\" data-id=\"1ce455e\" data-element_type=\"container\" data-e-type=\"container\">\n\t\t\t\t\t<div class=\"e-con-inner\">\n\t\t\t\t<div class=\"elementor-element elementor-element-9bf03c9 elementor-widget elementor-widget-heading\" data-id=\"9bf03c9\" data-element_type=\"widget\" data-e-type=\"widget\" data-widget_type=\"heading.default\">\n\t\t\t\t<div class=\"elementor-widget-container\">\n\t\t\t\t\t<h1 class=\"elementor-heading-title elementor-size-default\">S\u00e9curisez vos infrastructures avec des solutions innovantes et connect\u00e9es.<br><\/h1>\t\t\t\t<\/div>\n\t\t\t\t<\/div>\n\t\t\t\t\t<\/div>\n\t\t\t\t<\/div>\n\t\t<div class=\"elementor-element elementor-element-d6359cc e-flex e-con-boxed e-con e-parent\" data-id=\"d6359cc\" data-element_type=\"container\" data-e-type=\"container\">\n\t\t\t\t\t<div class=\"e-con-inner\">\n\t\t\t\t<div class=\"elementor-element elementor-element-9d264cc elementor-widget elementor-widget-text-editor\" data-id=\"9d264cc\" data-element_type=\"widget\" data-e-type=\"widget\" data-widget_type=\"text-editor.default\">\n\t\t\t\t<div class=\"elementor-widget-container\">\n\t\t\t\t\t\t\t\t\t<p class=\"MsoNormal\">La s\u00e9curit\u00e9 des infrastructures physiques est essentielle pour garantir la continuit\u00e9 de votre activit\u00e9. Gen-IT propose des solutions compl\u00e8tes pour contr\u00f4ler vos acc\u00e8s, surveiller vos espaces et g\u00e9rer efficacement vos \u00e9quipements<\/p>\t\t\t\t\t\t\t\t<\/div>\n\t\t\t\t<\/div>\n\t\t\t\t\t<\/div>\n\t\t\t\t<\/div>\n\t\t<div class=\"elementor-element elementor-element-73d3630 e-flex e-con-boxed e-con e-parent\" data-id=\"73d3630\" data-element_type=\"container\" data-e-type=\"container\">\n\t\t\t\t\t<div class=\"e-con-inner\">\n\t\t<div class=\"elementor-element elementor-element-d92ae13 e-con-full e-flex e-con e-child\" data-id=\"d92ae13\" data-element_type=\"container\" data-e-type=\"container\">\n\t\t\t\t<div class=\"elementor-element elementor-element-b750bd7 elementor-widget elementor-widget-image\" data-id=\"b750bd7\" data-element_type=\"widget\" data-e-type=\"widget\" data-widget_type=\"image.default\">\n\t\t\t\t<div class=\"elementor-widget-container\">\n\t\t\t\t\t\t\t\t\t\t\t\t\t\t\t<img decoding=\"async\" width=\"170\" height=\"127\" src=\"https:\/\/www.gen-it.fr\/wp-content\/uploads\/2024\/12\/Capture-decran-2024-12-10-154207.png\" class=\"attachment-large size-large wp-image-640\" alt=\"\" sizes=\"100vw\" \/>\t\t\t\t\t\t\t\t\t\t\t\t\t\t\t<\/div>\n\t\t\t\t<\/div>\n\t\t\t\t<\/div>\n\t\t<div class=\"elementor-element elementor-element-5418b7f e-con-full e-flex e-con e-child\" data-id=\"5418b7f\" data-element_type=\"container\" data-e-type=\"container\">\n\t\t\t\t<div class=\"elementor-element elementor-element-d3bacf6 elementor-widget elementor-widget-text-editor\" data-id=\"d3bacf6\" data-element_type=\"widget\" data-e-type=\"widget\" data-widget_type=\"text-editor.default\">\n\t\t\t\t<div class=\"elementor-widget-container\">\n\t\t\t\t\t\t\t\t\t<p><strong>Vid\u00e9o surveillance<\/strong><\/p>\n<p>Surveillez vos locaux en direct avec nos cam\u00e9ras HD, accessibles via une interface s\u00e9curis\u00e9e.<\/p>\n<p>Acc\u00e9dez \u00e0 vos cam\u00e9ras o\u00f9 que vous soyez, pour un contr\u00f4le total en temps r\u00e9el.<\/p>\n<p>Enregistrez pour archiver les vid\u00e9os et garantir une tra\u00e7abilit\u00e9 en cas d\u2019incident.<\/p>\t\t\t\t\t\t\t\t<\/div>\n\t\t\t\t<\/div>\n\t\t\t\t<\/div>\n\t\t\t\t\t<\/div>\n\t\t\t\t<\/div>\n\t\t<div class=\"elementor-element elementor-element-3e1e11a e-con-full e-flex e-con e-parent\" data-id=\"3e1e11a\" data-element_type=\"container\" data-e-type=\"container\">\n\t\t<div class=\"elementor-element elementor-element-c5b81a5 e-con-full e-flex e-con e-child\" data-id=\"c5b81a5\" data-element_type=\"container\" data-e-type=\"container\">\n\t\t\t\t<div class=\"elementor-element elementor-element-8424507 elementor-widget elementor-widget-image\" data-id=\"8424507\" data-element_type=\"widget\" data-e-type=\"widget\" data-widget_type=\"image.default\">\n\t\t\t\t<div class=\"elementor-widget-container\">\n\t\t\t\t\t\t\t\t\t\t\t\t\t\t\t<img decoding=\"async\" width=\"157\" height=\"161\" src=\"https:\/\/www.gen-it.fr\/wp-content\/uploads\/2024\/12\/Capture-decran-2024-12-10-154153.png\" class=\"attachment-large size-large wp-image-641\" alt=\"\" sizes=\"100vw\" \/>\t\t\t\t\t\t\t\t\t\t\t\t\t\t\t<\/div>\n\t\t\t\t<\/div>\n\t\t\t\t<\/div>\n\t\t<div class=\"elementor-element elementor-element-3380d19 e-con-full e-flex e-con e-child\" data-id=\"3380d19\" data-element_type=\"container\" data-e-type=\"container\">\n\t\t\t\t<div class=\"elementor-element elementor-element-3604fab elementor-widget elementor-widget-text-editor\" data-id=\"3604fab\" data-element_type=\"widget\" data-e-type=\"widget\" data-widget_type=\"text-editor.default\">\n\t\t\t\t<div class=\"elementor-widget-container\">\n\t\t\t\t\t\t\t\t\t<p><b>Contr\u00f4le d&rsquo;acc\u00e8s<\/b><\/p><p>Lecteurs de badges pour identifier les utilisateurs autoris\u00e9s.<\/p><p>Serrures connect\u00e9es pour s\u00e9curiser les entr\u00e9es et g\u00e9rer les acc\u00e8s \u00e0 distance.<\/p><p>UTL (unit\u00e9 de traitement local) pour contr\u00f4ler localement les acc\u00e8s pour une ind\u00e9pendance acquise.<\/p><p>Serveurs applicatifs pour centraliser la gestion des autorisations et collecter les logs d\u2019acc\u00e8s.\u00a0<\/p>\t\t\t\t\t\t\t\t<\/div>\n\t\t\t\t<\/div>\n\t\t\t\t<\/div>\n\t\t\t\t<\/div>\n\t\t<div class=\"elementor-element elementor-element-3dbdc56 e-flex e-con-boxed e-con e-parent\" data-id=\"3dbdc56\" data-element_type=\"container\" data-e-type=\"container\">\n\t\t\t\t\t<div class=\"e-con-inner\">\n\t\t<div class=\"elementor-element elementor-element-eb28db0 e-con-full e-flex e-con e-child\" data-id=\"eb28db0\" data-element_type=\"container\" data-e-type=\"container\">\n\t\t\t\t<div class=\"elementor-element elementor-element-e6a2795 elementor-widget elementor-widget-image\" data-id=\"e6a2795\" data-element_type=\"widget\" data-e-type=\"widget\" data-widget_type=\"image.default\">\n\t\t\t\t<div class=\"elementor-widget-container\">\n\t\t\t\t\t\t\t\t\t\t\t\t\t\t\t<img decoding=\"async\" width=\"172\" height=\"167\" src=\"https:\/\/www.gen-it.fr\/wp-content\/uploads\/2024\/12\/Capture-decran-2024-12-10-154222.png\" class=\"attachment-large size-large wp-image-642\" alt=\"\" sizes=\"100vw\" \/>\t\t\t\t\t\t\t\t\t\t\t\t\t\t\t<\/div>\n\t\t\t\t<\/div>\n\t\t\t\t<\/div>\n\t\t<div class=\"elementor-element elementor-element-516ea30 e-con-full e-flex e-con e-child\" data-id=\"516ea30\" data-element_type=\"container\" data-e-type=\"container\">\n\t\t\t\t<div class=\"elementor-element elementor-element-bfc8882 elementor-widget elementor-widget-text-editor\" data-id=\"bfc8882\" data-element_type=\"widget\" data-e-type=\"widget\" data-widget_type=\"text-editor.default\">\n\t\t\t\t<div class=\"elementor-widget-container\">\n\t\t\t\t\t\t\t\t\t<p><strong>Gestion technique du b\u00e2timent<\/strong><\/p><p>Supervisez et contr\u00f4lez des \u00e9l\u00e9ments critiques comme l\u2019\u00e9clairage, la climatisation ou la consommation \u00e9nerg\u00e9tique.<\/p><p>Automates et capteurs pour surveiller des param\u00e8tres tels que la temp\u00e9rature, la luminosit\u00e9 ou le niveau de Co2 et ainsi optimiser vos co\u00fbts d\u2019exploitation.<\/p>\t\t\t\t\t\t\t\t<\/div>\n\t\t\t\t<\/div>\n\t\t\t\t<\/div>\n\t\t\t\t\t<\/div>\n\t\t\t\t<\/div>\n\t\t<div class=\"elementor-element elementor-element-3c61fbe e-flex e-con-boxed e-con e-parent\" data-id=\"3c61fbe\" data-element_type=\"container\" data-e-type=\"container\">\n\t\t\t\t\t<div class=\"e-con-inner\">\n\t\t\t\t<div class=\"elementor-element elementor-element-d499a77 elementor-widget elementor-widget-text-editor\" data-id=\"d499a77\" data-element_type=\"widget\" data-e-type=\"widget\" data-widget_type=\"text-editor.default\">\n\t\t\t\t<div class=\"elementor-widget-container\">\n\t\t\t\t\t\t\t\t\t<p class=\"MsoNormal\">En combinant technologies avanc\u00e9es et expertise terrain, nous vous offrons des solutions adapt\u00e9es \u00e0 vos besoins sp\u00e9cifiques, avec une interface utilisateur intuitive pour faciliter la gestion au quotidien.\u00a0<\/p>\t\t\t\t\t\t\t\t<\/div>\n\t\t\t\t<\/div>\n\t\t\t\t\t<\/div>\n\t\t\t\t<\/div>\n\t\t<div class=\"elementor-element elementor-element-d79b8da e-flex e-con-boxed e-con e-parent\" data-id=\"d79b8da\" data-element_type=\"container\" data-e-type=\"container\">\n\t\t\t\t\t<div class=\"e-con-inner\">\n\t\t\t\t<div class=\"elementor-element elementor-element-88afe2a elementor-align-center elementor-widget elementor-widget-button\" data-id=\"88afe2a\" data-element_type=\"widget\" data-e-type=\"widget\" data-widget_type=\"button.default\">\n\t\t\t\t<div class=\"elementor-widget-container\">\n\t\t\t\t\t\t\t\t\t<div class=\"elementor-button-wrapper\">\n\t\t\t\t\t<a class=\"elementor-button elementor-button-link elementor-size-sm\" href=\"https:\/\/www.gen-it.fr\/?page_id=80\">\n\t\t\t\t\t\t<span class=\"elementor-button-content-wrapper\">\n\t\t\t\t\t\t\t\t\t<span class=\"elementor-button-text\">Demandez des informations compl\u00e9mentaires<\/span>\n\t\t\t\t\t<\/span>\n\t\t\t\t\t<\/a>\n\t\t\t\t<\/div>\n\t\t\t\t\t\t\t\t<\/div>\n\t\t\t\t<\/div>\n\t\t\t\t\t<\/div>\n\t\t\t\t<\/div>\n\t\t\t\t<\/div>\n\t\t","protected":false},"excerpt":{"rendered":"<p>S\u00e9curisez vos infrastructures avec des solutions innovantes et connect\u00e9es. La s\u00e9curit\u00e9 des infrastructures physiques est essentielle pour garantir la continuit\u00e9 de votre activit\u00e9. Gen-IT propose des solutions compl\u00e8tes pour contr\u00f4ler vos acc\u00e8s, surveiller vos espaces et g\u00e9rer efficacement vos \u00e9quipements Vid\u00e9o surveillance Surveillez vos locaux en direct avec nos cam\u00e9ras HD, accessibles via une interface &hellip; <\/p>\n<p class=\"link-more\"><a href=\"https:\/\/www.gen-it.fr\/?page_id=93\" class=\"more-link\">Lire la suite de<span class=\"screen-reader-text\">\u00ab\u00a0S\u00e9curit\u00e9 physique\u00a0\u00bb<\/span><\/a><\/p>\n","protected":false},"author":4,"featured_media":0,"parent":0,"menu_order":0,"comment_status":"closed","ping_status":"closed","template":"","meta":{"inspiro_hide_title":false,"footnotes":""},"class_list":["post-93","page","type-page","status-publish","hentry"],"featured_media_urls":[],"_links":{"self":[{"href":"https:\/\/www.gen-it.fr\/index.php?rest_route=\/wp\/v2\/pages\/93","targetHints":{"allow":["GET"]}}],"collection":[{"href":"https:\/\/www.gen-it.fr\/index.php?rest_route=\/wp\/v2\/pages"}],"about":[{"href":"https:\/\/www.gen-it.fr\/index.php?rest_route=\/wp\/v2\/types\/page"}],"author":[{"embeddable":true,"href":"https:\/\/www.gen-it.fr\/index.php?rest_route=\/wp\/v2\/users\/4"}],"replies":[{"embeddable":true,"href":"https:\/\/www.gen-it.fr\/index.php?rest_route=%2Fwp%2Fv2%2Fcomments&post=93"}],"version-history":[{"count":28,"href":"https:\/\/www.gen-it.fr\/index.php?rest_route=\/wp\/v2\/pages\/93\/revisions"}],"predecessor-version":[{"id":1067,"href":"https:\/\/www.gen-it.fr\/index.php?rest_route=\/wp\/v2\/pages\/93\/revisions\/1067"}],"wp:attachment":[{"href":"https:\/\/www.gen-it.fr\/index.php?rest_route=%2Fwp%2Fv2%2Fmedia&parent=93"}],"curies":[{"name":"wp","href":"https:\/\/api.w.org\/{rel}","templated":true}]}}