{"id":87,"date":"2024-11-27T16:29:47","date_gmt":"2024-11-27T15:29:47","guid":{"rendered":"https:\/\/www.gen-it.fr\/?page_id=87"},"modified":"2024-12-27T17:16:55","modified_gmt":"2024-12-27T16:16:55","slug":"connexion","status":"publish","type":"page","link":"https:\/\/www.gen-it.fr\/?page_id=87","title":{"rendered":"Connexion"},"content":{"rendered":"\t\t<div data-elementor-type=\"wp-page\" data-elementor-id=\"87\" class=\"elementor elementor-87\">\n\t\t\t\t<div class=\"elementor-element elementor-element-a8bce3c e-flex e-con-boxed e-con e-parent\" data-id=\"a8bce3c\" data-element_type=\"container\" data-e-type=\"container\">\n\t\t\t\t\t<div class=\"e-con-inner\">\n\t\t\t\t\t<\/div>\n\t\t\t\t<\/div>\n\t\t<div class=\"elementor-element elementor-element-68e56b3 e-flex e-con-boxed e-con e-parent\" data-id=\"68e56b3\" data-element_type=\"container\" data-e-type=\"container\">\n\t\t\t\t\t<div class=\"e-con-inner\">\n\t\t\t\t<div class=\"elementor-element elementor-element-db97d2e elementor-widget elementor-widget-heading\" data-id=\"db97d2e\" data-element_type=\"widget\" data-e-type=\"widget\" data-widget_type=\"heading.default\">\n\t\t\t\t<div class=\"elementor-widget-container\">\n\t\t\t\t\t<h1 class=\"elementor-heading-title elementor-size-default\"><p>Une infrastructure performante avec une connexion sans\nfaille. <span style=\"color: var( --e-global-color-primary );font-family: var( --e-global-typography-primary-font-family ), Sans-serif;font-size: 1.875rem;font-weight: var( --e-global-typography-primary-font-weight );text-align: var(--text-align)\"><\/span><\/p><\/h1>\t\t\t\t<\/div>\n\t\t\t\t<\/div>\n\t\t\t\t\t<\/div>\n\t\t\t\t<\/div>\n\t\t<div class=\"elementor-element elementor-element-046be6d e-flex e-con-boxed e-con e-parent\" data-id=\"046be6d\" data-element_type=\"container\" data-e-type=\"container\">\n\t\t\t\t\t<div class=\"e-con-inner\">\n\t\t\t\t<div class=\"elementor-element elementor-element-577de44 elementor-widget elementor-widget-text-editor\" data-id=\"577de44\" data-element_type=\"widget\" data-e-type=\"widget\" data-widget_type=\"text-editor.default\">\n\t\t\t\t<div class=\"elementor-widget-container\">\n\t\t\t\t\t\t\t\t\t<p class=\"MsoNormal\">Nous proposons des solutions de connexion adapt\u00e9s aux besoins de chaque entreprise, qu\u2019importe sa taille ou sa localisation.<\/p><p class=\"MsoNormal\"><span style=\"color: var( --e-global-color-text ); font-family: var( --e-global-typography-text-font-family ), Sans-serif; font-weight: var( --e-global-typography-text-font-weight );\">Nos services assurent une connectivit\u00e9 fiable, rapide et s\u00e9curis\u00e9 pour optimiser votre productivit\u00e9.\u00a0<\/span><\/p>\t\t\t\t\t\t\t\t<\/div>\n\t\t\t\t<\/div>\n\t\t\t\t\t<\/div>\n\t\t\t\t<\/div>\n\t\t<div class=\"elementor-element elementor-element-7f586eb e-flex e-con-boxed e-con e-parent\" data-id=\"7f586eb\" data-element_type=\"container\" data-e-type=\"container\">\n\t\t\t\t\t<div class=\"e-con-inner\">\n\t\t<div class=\"elementor-element elementor-element-6190926 e-con-full e-flex e-con e-child\" data-id=\"6190926\" data-element_type=\"container\" data-e-type=\"container\">\n\t\t\t\t<div class=\"elementor-element elementor-element-582fbca elementor-widget elementor-widget-image\" data-id=\"582fbca\" data-element_type=\"widget\" data-e-type=\"widget\" data-widget_type=\"image.default\">\n\t\t\t\t<div class=\"elementor-widget-container\">\n\t\t\t\t\t\t\t\t\t\t\t\t\t\t\t<img decoding=\"async\" width=\"111\" height=\"162\" src=\"https:\/\/www.gen-it.fr\/wp-content\/uploads\/2024\/12\/Capture-decran-2024-12-10-153656.png\" class=\"attachment-large size-large wp-image-624\" alt=\"\" sizes=\"100vw\" \/>\t\t\t\t\t\t\t\t\t\t\t\t\t\t\t<\/div>\n\t\t\t\t<\/div>\n\t\t\t\t<\/div>\n\t\t<div class=\"elementor-element elementor-element-eadfefe e-con-full e-flex e-con e-child\" data-id=\"eadfefe\" data-element_type=\"container\" data-e-type=\"container\">\n\t\t\t\t<div class=\"elementor-element elementor-element-aebe6ca elementor-widget__width-initial elementor-widget elementor-widget-text-editor\" data-id=\"aebe6ca\" data-element_type=\"widget\" data-e-type=\"widget\" data-widget_type=\"text-editor.default\">\n\t\t\t\t<div class=\"elementor-widget-container\">\n\t\t\t\t\t\t\t\t\t<p class=\"MsoNormal\"><b>Fibre optique (mutualis\u00e9e ou d&rsquo;entreprise)<\/b><\/p><p class=\"MsoNormal\">B\u00e9n\u00e9ficiez d\u2019une connexion stable avec un d\u00e9bit standard ou premium.\u00a0<span style=\"color: var( --e-global-color-text ); font-family: var( --e-global-typography-text-font-family ), Sans-serif; font-weight: var( --e-global-typography-text-font-weight );\">Nos offres incluent une installation rapide et un suivi personnalis\u00e9 pour\u00a0<\/span><span style=\"color: var( --e-global-color-text ); font-family: var( --e-global-typography-text-font-family ), Sans-serif; font-weight: var( --e-global-typography-text-font-weight );\">garantir la performance de votre infrastructure.<\/span><\/p>\t\t\t\t\t\t\t\t<\/div>\n\t\t\t\t<\/div>\n\t\t\t\t<\/div>\n\t\t\t\t\t<\/div>\n\t\t\t\t<\/div>\n\t\t<div class=\"elementor-element elementor-element-fa60eee e-flex e-con-boxed e-con e-parent\" data-id=\"fa60eee\" data-element_type=\"container\" data-e-type=\"container\">\n\t\t\t\t\t<div class=\"e-con-inner\">\n\t\t<div class=\"elementor-element elementor-element-7ac244d e-con-full e-flex e-con e-child\" data-id=\"7ac244d\" data-element_type=\"container\" data-e-type=\"container\">\n\t\t\t\t<div class=\"elementor-element elementor-element-829f46d elementor-widget elementor-widget-image\" data-id=\"829f46d\" data-element_type=\"widget\" data-e-type=\"widget\" data-widget_type=\"image.default\">\n\t\t\t\t<div class=\"elementor-widget-container\">\n\t\t\t\t\t\t\t\t\t\t\t\t\t\t\t<img decoding=\"async\" width=\"176\" height=\"153\" src=\"https:\/\/www.gen-it.fr\/wp-content\/uploads\/2024\/12\/Capture-decran-2024-12-10-153630.png\" class=\"attachment-large size-large wp-image-625\" alt=\"\" sizes=\"100vw\" \/>\t\t\t\t\t\t\t\t\t\t\t\t\t\t\t<\/div>\n\t\t\t\t<\/div>\n\t\t\t\t<\/div>\n\t\t<div class=\"elementor-element elementor-element-7bb767f e-con-full e-flex e-con e-child\" data-id=\"7bb767f\" data-element_type=\"container\" data-e-type=\"container\">\n\t\t\t\t<div class=\"elementor-element elementor-element-9f7b52e elementor-widget-tablet__width-initial elementor-widget elementor-widget-text-editor\" data-id=\"9f7b52e\" data-element_type=\"widget\" data-e-type=\"widget\" data-widget_type=\"text-editor.default\">\n\t\t\t\t<div class=\"elementor-widget-container\">\n\t\t\t\t\t\t\t\t\t<p class=\"MsoNormal\"><b>Technologies sans fil (Wi-Fi, 4G, 5G)<\/b><\/p><p class=\"MsoNormal\">Id\u00e9al pour les entreprises multisites ou les environnements n\u00e9cessitant une connectivit\u00e9 flexible. Nos forfaits adapt\u00e9s aux besoins des professionnels garantissent une couverture optimale.\u00a0<\/p>\t\t\t\t\t\t\t\t<\/div>\n\t\t\t\t<\/div>\n\t\t\t\t<\/div>\n\t\t\t\t\t<\/div>\n\t\t\t\t<\/div>\n\t\t<div class=\"elementor-element elementor-element-531bf29 e-flex e-con-boxed e-con e-parent\" data-id=\"531bf29\" data-element_type=\"container\" data-e-type=\"container\">\n\t\t\t\t\t<div class=\"e-con-inner\">\n\t\t<div class=\"elementor-element elementor-element-b5b03a7 e-con-full e-flex e-con e-child\" data-id=\"b5b03a7\" data-element_type=\"container\" data-e-type=\"container\">\n\t\t\t\t<div class=\"elementor-element elementor-element-a6936c0 elementor-widget elementor-widget-image\" data-id=\"a6936c0\" data-element_type=\"widget\" data-e-type=\"widget\" data-widget_type=\"image.default\">\n\t\t\t\t<div class=\"elementor-widget-container\">\n\t\t\t\t\t\t\t\t\t\t\t\t\t\t\t<img decoding=\"async\" width=\"182\" height=\"173\" src=\"https:\/\/www.gen-it.fr\/wp-content\/uploads\/2024\/12\/Capture-decran-2024-12-10-153710.png\" class=\"attachment-large size-large wp-image-626\" alt=\"\" sizes=\"100vw\" \/>\t\t\t\t\t\t\t\t\t\t\t\t\t\t\t<\/div>\n\t\t\t\t<\/div>\n\t\t\t\t<\/div>\n\t\t<div class=\"elementor-element elementor-element-d455806 e-con-full e-flex e-con e-child\" data-id=\"d455806\" data-element_type=\"container\" data-e-type=\"container\">\n\t\t\t\t<div class=\"elementor-element elementor-element-e97eb6e elementor-widget elementor-widget-text-editor\" data-id=\"e97eb6e\" data-element_type=\"widget\" data-e-type=\"widget\" data-widget_type=\"text-editor.default\">\n\t\t\t\t<div class=\"elementor-widget-container\">\n\t\t\t\t\t\t\t\t\t<p><b>Starlink (satellitaire)<\/b><\/p><p>Une connectivit\u00e9 par satellite pour les zones isol\u00e9es ou mal desservies.<\/p>\t\t\t\t\t\t\t\t<\/div>\n\t\t\t\t<\/div>\n\t\t\t\t<\/div>\n\t\t\t\t\t<\/div>\n\t\t\t\t<\/div>\n\t\t<div class=\"elementor-element elementor-element-961325e e-flex e-con-boxed e-con e-parent\" data-id=\"961325e\" data-element_type=\"container\" data-e-type=\"container\">\n\t\t\t\t\t<div class=\"e-con-inner\">\n\t\t<div class=\"elementor-element elementor-element-a0bed7c e-con-full e-flex e-con e-child\" data-id=\"a0bed7c\" data-element_type=\"container\" data-e-type=\"container\">\n\t\t\t\t<div class=\"elementor-element elementor-element-12f62f4 elementor-widget elementor-widget-image\" data-id=\"12f62f4\" data-element_type=\"widget\" data-e-type=\"widget\" data-widget_type=\"image.default\">\n\t\t\t\t<div class=\"elementor-widget-container\">\n\t\t\t\t\t\t\t\t\t\t\t\t\t\t\t<img loading=\"lazy\" decoding=\"async\" width=\"213\" height=\"191\" src=\"https:\/\/www.gen-it.fr\/wp-content\/uploads\/2024\/12\/Capture-decran-2024-12-10-153643.png\" class=\"attachment-large size-large wp-image-627\" alt=\"\" sizes=\"100vw\" \/>\t\t\t\t\t\t\t\t\t\t\t\t\t\t\t<\/div>\n\t\t\t\t<\/div>\n\t\t\t\t<\/div>\n\t\t<div class=\"elementor-element elementor-element-45649ae e-con-full e-flex e-con e-child\" data-id=\"45649ae\" data-element_type=\"container\" data-e-type=\"container\">\n\t\t\t\t<div class=\"elementor-element elementor-element-1060518 elementor-widget elementor-widget-text-editor\" data-id=\"1060518\" data-element_type=\"widget\" data-e-type=\"widget\" data-widget_type=\"text-editor.default\">\n\t\t\t\t<div class=\"elementor-widget-container\">\n\t\t\t\t\t\t\t\t\t<p><b>Box All In Wan\u00a0<\/b><\/p><p>Cette solution, d\u00e9velopp\u00e9e en interne chez Gen-IT, permet de combiner plusieurs connexions pour une redondance parfaite et un d\u00e9bit agr\u00e9g\u00e9.<\/p>\t\t\t\t\t\t\t\t<\/div>\n\t\t\t\t<\/div>\n\t\t\t\t<\/div>\n\t\t\t\t\t<\/div>\n\t\t\t\t<\/div>\n\t\t<div class=\"elementor-element elementor-element-e558b7a e-flex e-con-boxed e-con e-parent\" data-id=\"e558b7a\" data-element_type=\"container\" data-e-type=\"container\">\n\t\t\t\t\t<div class=\"e-con-inner\">\n\t\t\t\t<div class=\"elementor-element elementor-element-dc3e71d elementor-widget elementor-widget-text-editor\" data-id=\"dc3e71d\" data-element_type=\"widget\" data-e-type=\"widget\" data-widget_type=\"text-editor.default\">\n\t\t\t\t<div class=\"elementor-widget-container\">\n\t\t\t\t\t\t\t\t\t<p>Nous offrons un accompagnement complet, depuis l\u2019installation jusqu\u2019\u00e0 la supervision des \u00e9quipements. B\u00e9n\u00e9ficiez d\u2019une continuit\u00e9 d\u2019activit\u00e9 gr\u00e2ce \u00e0 des technologies robustes et un support r\u00e9actif.<\/p>\t\t\t\t\t\t\t\t<\/div>\n\t\t\t\t<\/div>\n\t\t\t\t\t<\/div>\n\t\t\t\t<\/div>\n\t\t<div class=\"elementor-element elementor-element-74c85e8 e-flex e-con-boxed e-con e-parent\" data-id=\"74c85e8\" data-element_type=\"container\" data-e-type=\"container\">\n\t\t\t\t\t<div class=\"e-con-inner\">\n\t\t\t\t<div class=\"elementor-element elementor-element-d89eac7 elementor-align-center elementor-widget elementor-widget-button\" data-id=\"d89eac7\" data-element_type=\"widget\" data-e-type=\"widget\" data-widget_type=\"button.default\">\n\t\t\t\t<div class=\"elementor-widget-container\">\n\t\t\t\t\t\t\t\t\t<div class=\"elementor-button-wrapper\">\n\t\t\t\t\t<a class=\"elementor-button elementor-button-link elementor-size-sm\" href=\"https:\/\/www.gen-it.fr\/?page_id=80\">\n\t\t\t\t\t\t<span class=\"elementor-button-content-wrapper\">\n\t\t\t\t\t\t\t\t\t<span class=\"elementor-button-text\">Demandez des informations compl\u00e9mentaires<\/span>\n\t\t\t\t\t<\/span>\n\t\t\t\t\t<\/a>\n\t\t\t\t<\/div>\n\t\t\t\t\t\t\t\t<\/div>\n\t\t\t\t<\/div>\n\t\t\t\t\t<\/div>\n\t\t\t\t<\/div>\n\t\t\t\t<\/div>\n\t\t","protected":false},"excerpt":{"rendered":"<p>Une infrastructure performante avec une connexion sans faille. Nous proposons des solutions de connexion adapt\u00e9s aux besoins de chaque entreprise, qu\u2019importe sa taille ou sa localisation. Nos services assurent une connectivit\u00e9 fiable, rapide et s\u00e9curis\u00e9 pour optimiser votre productivit\u00e9.\u00a0 Fibre optique (mutualis\u00e9e ou d&rsquo;entreprise) B\u00e9n\u00e9ficiez d\u2019une connexion stable avec un d\u00e9bit standard ou premium.\u00a0Nos offres &hellip; <\/p>\n<p class=\"link-more\"><a href=\"https:\/\/www.gen-it.fr\/?page_id=87\" class=\"more-link\">Lire la suite de<span class=\"screen-reader-text\">\u00ab\u00a0Connexion\u00a0\u00bb<\/span><\/a><\/p>\n","protected":false},"author":4,"featured_media":0,"parent":0,"menu_order":0,"comment_status":"closed","ping_status":"closed","template":"","meta":{"inspiro_hide_title":false,"footnotes":""},"class_list":["post-87","page","type-page","status-publish","hentry"],"featured_media_urls":[],"_links":{"self":[{"href":"https:\/\/www.gen-it.fr\/index.php?rest_route=\/wp\/v2\/pages\/87","targetHints":{"allow":["GET"]}}],"collection":[{"href":"https:\/\/www.gen-it.fr\/index.php?rest_route=\/wp\/v2\/pages"}],"about":[{"href":"https:\/\/www.gen-it.fr\/index.php?rest_route=\/wp\/v2\/types\/page"}],"author":[{"embeddable":true,"href":"https:\/\/www.gen-it.fr\/index.php?rest_route=\/wp\/v2\/users\/4"}],"replies":[{"embeddable":true,"href":"https:\/\/www.gen-it.fr\/index.php?rest_route=%2Fwp%2Fv2%2Fcomments&post=87"}],"version-history":[{"count":34,"href":"https:\/\/www.gen-it.fr\/index.php?rest_route=\/wp\/v2\/pages\/87\/revisions"}],"predecessor-version":[{"id":1053,"href":"https:\/\/www.gen-it.fr\/index.php?rest_route=\/wp\/v2\/pages\/87\/revisions\/1053"}],"wp:attachment":[{"href":"https:\/\/www.gen-it.fr\/index.php?rest_route=%2Fwp%2Fv2%2Fmedia&parent=87"}],"curies":[{"name":"wp","href":"https:\/\/api.w.org\/{rel}","templated":true}]}}