{"id":1190,"date":"2025-01-02T11:48:21","date_gmt":"2025-01-02T10:48:21","guid":{"rendered":"https:\/\/www.gen-it.fr\/?page_id=1190"},"modified":"2025-01-02T11:51:12","modified_gmt":"2025-01-02T10:51:12","slug":"mentions-legales","status":"publish","type":"page","link":"https:\/\/www.gen-it.fr\/?page_id=1190","title":{"rendered":"Mentions l\u00e9gales"},"content":{"rendered":"\t\t<div data-elementor-type=\"wp-page\" data-elementor-id=\"1190\" class=\"elementor elementor-1190\">\n\t\t\t\t<div class=\"elementor-element elementor-element-1baa983 e-flex e-con-boxed e-con e-parent\" data-id=\"1baa983\" data-element_type=\"container\" data-e-type=\"container\">\n\t\t\t\t\t<div class=\"e-con-inner\">\n\t\t\t\t<div class=\"elementor-element elementor-element-3c54a29 elementor-widget elementor-widget-heading\" data-id=\"3c54a29\" data-element_type=\"widget\" data-e-type=\"widget\" data-widget_type=\"heading.default\">\n\t\t\t\t<div class=\"elementor-widget-container\">\n\t\t\t\t\t<h1 class=\"elementor-heading-title elementor-size-default\">Mentions l\u00e9gales <\/h1>\t\t\t\t<\/div>\n\t\t\t\t<\/div>\n\t\t\t\t\t<\/div>\n\t\t\t\t<\/div>\n\t\t<div class=\"elementor-element elementor-element-aa28611 e-flex e-con-boxed e-con e-parent\" data-id=\"aa28611\" data-element_type=\"container\" data-e-type=\"container\">\n\t\t\t\t\t<div class=\"e-con-inner\">\n\t\t\t\t<div class=\"elementor-element elementor-element-26ef817 elementor-widget elementor-widget-text-editor\" data-id=\"26ef817\" data-element_type=\"widget\" data-e-type=\"widget\" data-widget_type=\"text-editor.default\">\n\t\t\t\t<div class=\"elementor-widget-container\">\n\t\t\t\t\t\t\t\t\t<p data-pm-slice=\"1 1 []\"><strong>1. \u00c9diteur du site<\/strong><\/p>\n<p>Nom de l&rsquo;entreprise : GEN-IT<br>Forme juridique : SAS<br>Capital social : 1 000,00 \u20ac<br>Num\u00e9ro SIRET : 91748441200015<br>Adresse du si\u00e8ge social : 10 Rue de la Paix, 75002 Paris<br>Num\u00e9ro de TVA intracommunautaire : FR66917484412<br>Responsable de la publication : Julien Bernard<\/p>\n<p><strong>2. Responsable de l&rsquo;\u00e9dition<\/strong><\/p>\n<p>Nom : Philippe Abadie<br>Poste : Pr\u00e9sident<\/p>\n<p><strong>3. H\u00e9bergement du site<\/strong><\/p>\n<p>Nom de l&rsquo;h\u00e9bergeur : OVH<br>Adresse de l&rsquo;h\u00e9bergeur : 2 Rue Kellermann, 59100 Roubaix, France<\/p>\n<p><strong>4. Contact<\/strong><\/p>\n<p>Pour toute question ou demande d&rsquo;information, merci de nous contacter via le formulaire de contact disponible sur le site internet.<br>Num\u00e9ro de t\u00e9l\u00e9phone : 01.89.16.36.11<\/p>\n<p><strong>5. Propri\u00e9t\u00e9 intellectuelle<\/strong><\/p>\n<p>L&rsquo;ensemble des contenus pr\u00e9sents sur le site GEN-IT, y compris les textes, images, graphismes, logos et vid\u00e9os, sont prot\u00e9g\u00e9s par le droit d&rsquo;auteur et le droit des marques. Toute reproduction, repr\u00e9sentation, modification ou distribution, en tout ou partie, de ces contenus, sans autorisation expresse pr\u00e9alable de GEN-IT, est strictement interdite.<\/p>\n<p><strong>6. Politique de confidentialit\u00e9 et gestion des donn\u00e9es personnelles<\/strong><\/p>\n<p>Les donn\u00e9es personnelles collect\u00e9es via le site (par exemple, lors de l&rsquo;utilisation du formulaire de contact) sont utilis\u00e9es uniquement dans le cadre des \u00e9changes avec l&rsquo;utilisateur. GEN-IT s&rsquo;engage \u00e0 respecter les dispositions du R\u00e8glement G\u00e9n\u00e9ral sur la Protection des Donn\u00e9es (RGPD) et la loi Informatique et Libert\u00e9s.<\/p>\n<p>Les utilisateurs disposent des droits suivants sur leurs donn\u00e9es personnelles :<\/p><p><span style=\"color: var( --e-global-color-primary ); text-align: var(--text-align); background-color: var( --e-global-color-f91ec90 );\">&#8211; Droit d&rsquo;acc\u00e8s ;<br><\/span><span style=\"background-color: var( --e-global-color-f91ec90 ); color: var( --e-global-color-primary ); text-align: var(--text-align);\">&#8211; Droit de rectification ;<br><\/span><span style=\"background-color: var( --e-global-color-f91ec90 ); color: var( --e-global-color-primary ); text-align: var(--text-align);\">&#8211; Droit \u00e0 l&rsquo;effacement ;<br><\/span><span style=\"background-color: var( --e-global-color-f91ec90 ); color: var( --e-global-color-primary ); text-align: var(--text-align);\">&#8211; Droit \u00e0 la portabilit\u00e9 des donn\u00e9es ;<br><\/span><span style=\"background-color: var( --e-global-color-f91ec90 ); color: var( --e-global-color-primary ); text-align: var(--text-align);\">&#8211; Droit \u00e0 la limitation du traitement ;<br><\/span><span style=\"background-color: var( --e-global-color-f91ec90 ); color: var( --e-global-color-primary ); text-align: var(--text-align);\">&#8211; Droit d&rsquo;opposition au traitement des donn\u00e9es.<\/span><\/p>\n<p>Pour exercer ces droits, veuillez utiliser le formulaire de contact du site.<\/p>\n<p><strong>7. Conditions d&rsquo;utilisation<\/strong><\/p>\n<p>L&rsquo;utilisation du site GEN-IT est soumise aux conditions suivantes :<\/p><p><span style=\"color: var( --e-global-color-primary ); text-align: var(--text-align); background-color: var( --e-global-color-f91ec90 );\">&#8211; Les utilisateurs s&rsquo;engagent \u00e0 ne pas perturber le bon fonctionnement du site.<\/span><\/p><p><span style=\"color: var( --e-global-color-primary ); text-align: var(--text-align); background-color: var( --e-global-color-f91ec90 );\">&#8211; Toute tentative de fraude, intrusion ou utilisation malveillante sera sanctionn\u00e9e conform\u00e9ment aux lois en vigueur.<\/span><\/p>\n<p><strong>8. Politique relative aux cookies<\/strong><\/p>\n<p>Le site GEN-IT n&rsquo;utilise pas de cookies \u00e0 ce jour. Toutefois, cette politique pourrait \u00eatre modifi\u00e9e \u00e0 l&rsquo;avenir en cas d&rsquo;utilisation de cookies \u00e0 des fins fonctionnelles ou statistiques. Toute mise \u00e0 jour sera communiqu\u00e9e aux utilisateurs.<\/p>\n<p><strong>9. Modification des mentions l\u00e9gales<\/strong><\/p>\n<p>GEN-IT se r\u00e9serve le droit de modifier les pr\u00e9sentes mentions l\u00e9gales \u00e0 tout moment, notamment pour se conformer \u00e0 \u00e9ventuelles \u00e9volutions l\u00e9gislatives ou techniques. Les utilisateurs sont invit\u00e9s \u00e0 consulter r\u00e9guli\u00e8rement cette page pour rester inform\u00e9s des \u00e9ventuelles modifications.<\/p>\t\t\t\t\t\t\t\t<\/div>\n\t\t\t\t<\/div>\n\t\t\t\t\t<\/div>\n\t\t\t\t<\/div>\n\t\t\t\t<\/div>\n\t\t","protected":false},"excerpt":{"rendered":"<p>Mentions l\u00e9gales 1. \u00c9diteur du site Nom de l&rsquo;entreprise : GEN-ITForme juridique : SASCapital social : 1 000,00 \u20acNum\u00e9ro SIRET : 91748441200015Adresse du si\u00e8ge social : 10 Rue de la Paix, 75002 ParisNum\u00e9ro de TVA intracommunautaire : FR66917484412Responsable de la publication : Julien Bernard 2. Responsable de l&rsquo;\u00e9dition Nom : Philippe AbadiePoste : Pr\u00e9sident 3. &hellip; <\/p>\n<p class=\"link-more\"><a href=\"https:\/\/www.gen-it.fr\/?page_id=1190\" class=\"more-link\">Lire la suite de<span class=\"screen-reader-text\">\u00ab\u00a0Mentions l\u00e9gales\u00a0\u00bb<\/span><\/a><\/p>\n","protected":false},"author":4,"featured_media":0,"parent":0,"menu_order":0,"comment_status":"closed","ping_status":"closed","template":"","meta":{"inspiro_hide_title":false,"footnotes":""},"class_list":["post-1190","page","type-page","status-publish","hentry"],"featured_media_urls":[],"_links":{"self":[{"href":"https:\/\/www.gen-it.fr\/index.php?rest_route=\/wp\/v2\/pages\/1190","targetHints":{"allow":["GET"]}}],"collection":[{"href":"https:\/\/www.gen-it.fr\/index.php?rest_route=\/wp\/v2\/pages"}],"about":[{"href":"https:\/\/www.gen-it.fr\/index.php?rest_route=\/wp\/v2\/types\/page"}],"author":[{"embeddable":true,"href":"https:\/\/www.gen-it.fr\/index.php?rest_route=\/wp\/v2\/users\/4"}],"replies":[{"embeddable":true,"href":"https:\/\/www.gen-it.fr\/index.php?rest_route=%2Fwp%2Fv2%2Fcomments&post=1190"}],"version-history":[{"count":4,"href":"https:\/\/www.gen-it.fr\/index.php?rest_route=\/wp\/v2\/pages\/1190\/revisions"}],"predecessor-version":[{"id":1194,"href":"https:\/\/www.gen-it.fr\/index.php?rest_route=\/wp\/v2\/pages\/1190\/revisions\/1194"}],"wp:attachment":[{"href":"https:\/\/www.gen-it.fr\/index.php?rest_route=%2Fwp%2Fv2%2Fmedia&parent=1190"}],"curies":[{"name":"wp","href":"https:\/\/api.w.org\/{rel}","templated":true}]}}