{"id":1121,"date":"2024-12-31T11:35:10","date_gmt":"2024-12-31T10:35:10","guid":{"rendered":"https:\/\/www.gen-it.fr\/?page_id=1121"},"modified":"2024-12-31T11:36:11","modified_gmt":"2024-12-31T10:36:11","slug":"mails-2","status":"publish","type":"page","link":"https:\/\/www.gen-it.fr\/?page_id=1121","title":{"rendered":"Mails"},"content":{"rendered":"\t\t<div data-elementor-type=\"wp-page\" data-elementor-id=\"1121\" class=\"elementor elementor-1121\">\n\t\t\t\t<div class=\"elementor-element elementor-element-d605c2f e-flex e-con-boxed e-con e-parent\" data-id=\"d605c2f\" data-element_type=\"container\" data-e-type=\"container\">\n\t\t\t\t\t<div class=\"e-con-inner\">\n\t\t\t\t\t<\/div>\n\t\t\t\t<\/div>\n\t\t<div class=\"elementor-element elementor-element-5f12c66 e-flex e-con-boxed e-con e-parent\" data-id=\"5f12c66\" data-element_type=\"container\" data-e-type=\"container\">\n\t\t\t\t\t<div class=\"e-con-inner\">\n\t\t\t\t<div class=\"elementor-element elementor-element-d90447b elementor-widget elementor-widget-heading\" data-id=\"d90447b\" data-element_type=\"widget\" data-e-type=\"widget\" data-widget_type=\"heading.default\">\n\t\t\t\t<div class=\"elementor-widget-container\">\n\t\t\t\t\t<h1 class=\"elementor-heading-title elementor-size-default\">Une messagerie professionnelle pour des \u00e9changes s\u00e9curis\u00e9s et performants.<\/h1>\t\t\t\t<\/div>\n\t\t\t\t<\/div>\n\t\t\t\t\t<\/div>\n\t\t\t\t<\/div>\n\t\t<div class=\"elementor-element elementor-element-a5721e6 e-flex e-con-boxed e-con e-parent\" data-id=\"a5721e6\" data-element_type=\"container\" data-e-type=\"container\">\n\t\t\t\t\t<div class=\"e-con-inner\">\n\t\t\t\t<div class=\"elementor-element elementor-element-8fbfbf1 elementor-widget elementor-widget-text-editor\" data-id=\"8fbfbf1\" data-element_type=\"widget\" data-e-type=\"widget\" data-widget_type=\"text-editor.default\">\n\t\t\t\t<div class=\"elementor-widget-container\">\n\t\t\t\t\t\t\t\t\t<p class=\"MsoNormal\">Votre messagerie \u00e9lectronique est un pilier de votre activit\u00e9. Nous garantissons des solutions performantes et adapt\u00e9es \u00e0 vos besoins, qu\u2019il s\u2019agisse de communication interne ou externe.\u00a0<\/p>\t\t\t\t\t\t\t\t<\/div>\n\t\t\t\t<\/div>\n\t\t\t\t\t<\/div>\n\t\t\t\t<\/div>\n\t\t<div class=\"elementor-element elementor-element-25a7d8c e-con-full e-flex e-con e-parent\" data-id=\"25a7d8c\" data-element_type=\"container\" data-e-type=\"container\">\n\t\t\t\t<div class=\"elementor-element elementor-element-375befb elementor-widget elementor-widget-image\" data-id=\"375befb\" data-element_type=\"widget\" data-e-type=\"widget\" data-widget_type=\"image.default\">\n\t\t\t\t<div class=\"elementor-widget-container\">\n\t\t\t\t\t\t\t\t\t\t\t\t\t\t\t<img decoding=\"async\" width=\"176\" height=\"170\" src=\"https:\/\/www.gen-it.fr\/wp-content\/uploads\/2024\/12\/Capture-decran-2024-12-10-154056.png\" class=\"attachment-large size-large wp-image-636\" alt=\"\" sizes=\"100vw\" \/>\t\t\t\t\t\t\t\t\t\t\t\t\t\t\t<\/div>\n\t\t\t\t<\/div>\n\t\t\t\t<\/div>\n\t\t<div class=\"elementor-element elementor-element-6ed1427 e-flex e-con-boxed e-con e-parent\" data-id=\"6ed1427\" data-element_type=\"container\" data-e-type=\"container\">\n\t\t\t\t\t<div class=\"e-con-inner\">\n\t\t\t\t<div class=\"elementor-element elementor-element-951a773 elementor-widget elementor-widget-text-editor\" data-id=\"951a773\" data-element_type=\"widget\" data-e-type=\"widget\" data-widget_type=\"text-editor.default\">\n\t\t\t\t<div class=\"elementor-widget-container\">\n\t\t\t\t\t\t\t\t\t<p><b>Zimbra ou Microsoft\u00a0<\/b><\/p><p>Configuration et migration de vos comptes emails.<\/p><p>Option anti-spam pour prot\u00e9ger votre messagerie des menaces.\u00a0<\/p><p>Cr\u00e9ation et personnalisation de signatures d&#8217;emails conformes \u00e0 votre identit\u00e9 visuelle.<\/p><p>Transfert de vos emails, de vos contacts et de vos rendez-vous en toute s\u00e9curit\u00e9.<\/p>\t\t\t\t\t\t\t\t<\/div>\n\t\t\t\t<\/div>\n\t\t\t\t\t<\/div>\n\t\t\t\t<\/div>\n\t\t<div class=\"elementor-element elementor-element-22bcada e-flex e-con-boxed e-con e-parent\" data-id=\"22bcada\" data-element_type=\"container\" data-e-type=\"container\">\n\t\t\t\t\t<div class=\"e-con-inner\">\n\t\t\t\t<div class=\"elementor-element elementor-element-7a3c227 elementor-widget elementor-widget-text-editor\" data-id=\"7a3c227\" data-element_type=\"widget\" data-e-type=\"widget\" data-widget_type=\"text-editor.default\">\n\t\t\t\t<div class=\"elementor-widget-container\">\n\t\t\t\t\t\t\t\t\t<p class=\"MsoNormal\">De la pr\u00e9paration \u00e0 l\u2019implantation, nous prenons en charge chaque \u00e9tape pour vous fournir une messagerie robuste et accessible \u00e0 tout moment, sans interruption de service.<\/p>\t\t\t\t\t\t\t\t<\/div>\n\t\t\t\t<\/div>\n\t\t\t\t\t<\/div>\n\t\t\t\t<\/div>\n\t\t<div class=\"elementor-element elementor-element-9b41881 e-flex e-con-boxed e-con e-parent\" data-id=\"9b41881\" data-element_type=\"container\" data-e-type=\"container\">\n\t\t\t\t\t<div class=\"e-con-inner\">\n\t\t\t\t<div class=\"elementor-element elementor-element-ee60bd3 elementor-align-center elementor-widget elementor-widget-button\" data-id=\"ee60bd3\" data-element_type=\"widget\" data-e-type=\"widget\" data-widget_type=\"button.default\">\n\t\t\t\t<div class=\"elementor-widget-container\">\n\t\t\t\t\t\t\t\t\t<div class=\"elementor-button-wrapper\">\n\t\t\t\t\t<a class=\"elementor-button elementor-button-link elementor-size-sm\" href=\"https:\/\/www.gen-it.fr\/?page_id=80\">\n\t\t\t\t\t\t<span class=\"elementor-button-content-wrapper\">\n\t\t\t\t\t\t\t\t\t<span class=\"elementor-button-text\">Demandez des informations compl\u00e9mentaires<\/span>\n\t\t\t\t\t<\/span>\n\t\t\t\t\t<\/a>\n\t\t\t\t<\/div>\n\t\t\t\t\t\t\t\t<\/div>\n\t\t\t\t<\/div>\n\t\t\t\t\t<\/div>\n\t\t\t\t<\/div>\n\t\t\t\t<\/div>\n\t\t","protected":false},"excerpt":{"rendered":"<p>Une messagerie professionnelle pour des \u00e9changes s\u00e9curis\u00e9s et performants. Votre messagerie \u00e9lectronique est un pilier de votre activit\u00e9. Nous garantissons des solutions performantes et adapt\u00e9es \u00e0 vos besoins, qu\u2019il s\u2019agisse de communication interne ou externe.\u00a0 Zimbra ou Microsoft\u00a0 Configuration et migration de vos comptes emails. Option anti-spam pour prot\u00e9ger votre messagerie des menaces.\u00a0 Cr\u00e9ation et &hellip; <\/p>\n<p class=\"link-more\"><a href=\"https:\/\/www.gen-it.fr\/?page_id=1121\" class=\"more-link\">Lire la suite de<span class=\"screen-reader-text\">\u00ab\u00a0Mails\u00a0\u00bb<\/span><\/a><\/p>\n","protected":false},"author":4,"featured_media":0,"parent":0,"menu_order":0,"comment_status":"closed","ping_status":"closed","template":"","meta":{"inspiro_hide_title":false,"footnotes":""},"class_list":["post-1121","page","type-page","status-publish","hentry"],"featured_media_urls":[],"_links":{"self":[{"href":"https:\/\/www.gen-it.fr\/index.php?rest_route=\/wp\/v2\/pages\/1121","targetHints":{"allow":["GET"]}}],"collection":[{"href":"https:\/\/www.gen-it.fr\/index.php?rest_route=\/wp\/v2\/pages"}],"about":[{"href":"https:\/\/www.gen-it.fr\/index.php?rest_route=\/wp\/v2\/types\/page"}],"author":[{"embeddable":true,"href":"https:\/\/www.gen-it.fr\/index.php?rest_route=\/wp\/v2\/users\/4"}],"replies":[{"embeddable":true,"href":"https:\/\/www.gen-it.fr\/index.php?rest_route=%2Fwp%2Fv2%2Fcomments&post=1121"}],"version-history":[{"count":4,"href":"https:\/\/www.gen-it.fr\/index.php?rest_route=\/wp\/v2\/pages\/1121\/revisions"}],"predecessor-version":[{"id":1125,"href":"https:\/\/www.gen-it.fr\/index.php?rest_route=\/wp\/v2\/pages\/1121\/revisions\/1125"}],"wp:attachment":[{"href":"https:\/\/www.gen-it.fr\/index.php?rest_route=%2Fwp%2Fv2%2Fmedia&parent=1121"}],"curies":[{"name":"wp","href":"https:\/\/api.w.org\/{rel}","templated":true}]}}