{"id":109,"date":"2024-11-27T16:31:55","date_gmt":"2024-11-27T15:31:55","guid":{"rendered":"https:\/\/www.gen-it.fr\/?page_id=109"},"modified":"2025-11-25T17:13:34","modified_gmt":"2025-11-25T16:13:34","slug":"notre-equipe","status":"publish","type":"page","link":"https:\/\/www.gen-it.fr\/?page_id=109","title":{"rendered":"Notre \u00e9quipe"},"content":{"rendered":"\t\t<div data-elementor-type=\"wp-page\" data-elementor-id=\"109\" class=\"elementor elementor-109\">\n\t\t\t\t<div class=\"elementor-element elementor-element-9209db0 e-flex e-con-boxed e-con e-parent\" data-id=\"9209db0\" data-element_type=\"container\" data-e-type=\"container\">\n\t\t\t\t\t<div class=\"e-con-inner\">\n\t\t<div class=\"elementor-element elementor-element-458de7d e-con-full e-flex e-con e-child\" data-id=\"458de7d\" data-element_type=\"container\" data-e-type=\"container\">\n\t\t\t\t<div class=\"elementor-element elementor-element-30aa118 elementor-widget elementor-widget-image\" data-id=\"30aa118\" data-element_type=\"widget\" data-e-type=\"widget\" data-widget_type=\"image.default\">\n\t\t\t\t<div class=\"elementor-widget-container\">\n\t\t\t\t\t\t\t\t\t\t\t\t\t\t\t<img decoding=\"async\" width=\"80\" height=\"132\" src=\"https:\/\/www.gen-it.fr\/wp-content\/uploads\/2024\/12\/Capture-decran-2024-12-27-120316.png\" class=\"attachment-large size-large wp-image-973\" alt=\"\" sizes=\"100vw\" \/>\t\t\t\t\t\t\t\t\t\t\t\t\t\t\t<\/div>\n\t\t\t\t<\/div>\n\t\t\t\t<\/div>\n\t\t<div class=\"elementor-element elementor-element-70d6234 e-con-full e-flex e-con e-child\" data-id=\"70d6234\" data-element_type=\"container\" data-e-type=\"container\">\n\t\t\t\t<div class=\"elementor-element elementor-element-eb9ae71 elementor-widget elementor-widget-text-editor\" data-id=\"eb9ae71\" data-element_type=\"widget\" data-e-type=\"widget\" data-widget_type=\"text-editor.default\">\n\t\t\t\t<div class=\"elementor-widget-container\">\n\t\t\t\t\t\t\t\t\t<p><b>\u00a0<\/b><\/p><p><b>Philippe\u00a0<\/b><\/p><p>Pr\u00e9sident, Architecte Infrastructures et Commercial<\/p>\t\t\t\t\t\t\t\t<\/div>\n\t\t\t\t<\/div>\n\t\t\t\t<\/div>\n\t\t\t\t\t<\/div>\n\t\t\t\t<\/div>\n\t\t<div class=\"elementor-element elementor-element-09290a4 e-flex e-con-boxed e-con e-parent\" data-id=\"09290a4\" data-element_type=\"container\" data-e-type=\"container\">\n\t\t\t\t\t<div class=\"e-con-inner\">\n\t\t<div class=\"elementor-element elementor-element-e3f3ceb e-con-full e-flex e-con e-child\" data-id=\"e3f3ceb\" data-element_type=\"container\" data-e-type=\"container\">\n\t\t\t\t<div class=\"elementor-element elementor-element-0bc703c elementor-widget elementor-widget-image\" data-id=\"0bc703c\" data-element_type=\"widget\" data-e-type=\"widget\" data-widget_type=\"image.default\">\n\t\t\t\t<div class=\"elementor-widget-container\">\n\t\t\t\t\t\t\t\t\t\t\t\t\t\t\t<img decoding=\"async\" width=\"80\" height=\"132\" src=\"https:\/\/www.gen-it.fr\/wp-content\/uploads\/2024\/12\/Capture-decran-2024-12-27-120316.png\" class=\"attachment-large size-large wp-image-973\" alt=\"\" sizes=\"100vw\" \/>\t\t\t\t\t\t\t\t\t\t\t\t\t\t\t<\/div>\n\t\t\t\t<\/div>\n\t\t\t\t<\/div>\n\t\t<div class=\"elementor-element elementor-element-dd6a786 e-con-full e-flex e-con e-child\" data-id=\"dd6a786\" data-element_type=\"container\" data-e-type=\"container\">\n\t\t\t\t<div class=\"elementor-element elementor-element-a9749ef elementor-widget elementor-widget-text-editor\" data-id=\"a9749ef\" data-element_type=\"widget\" data-e-type=\"widget\" data-widget_type=\"text-editor.default\">\n\t\t\t\t<div class=\"elementor-widget-container\">\n\t\t\t\t\t\t\t\t\t<p><b>\u00a0<\/b><\/p><p><b>Th\u00e9o\u00a0<\/b><\/p><p>Ing\u00e9nieur Syst\u00e8mes R\u00e9seaux et S\u00e9curit\u00e9<\/p>\t\t\t\t\t\t\t\t<\/div>\n\t\t\t\t<\/div>\n\t\t\t\t<\/div>\n\t\t\t\t\t<\/div>\n\t\t\t\t<\/div>\n\t\t<div class=\"elementor-element elementor-element-c079993 e-flex e-con-boxed e-con e-parent\" data-id=\"c079993\" data-element_type=\"container\" data-e-type=\"container\">\n\t\t\t\t\t<div class=\"e-con-inner\">\n\t\t<div class=\"elementor-element elementor-element-861d994 e-con-full e-flex e-con e-child\" data-id=\"861d994\" data-element_type=\"container\" data-e-type=\"container\">\n\t\t\t\t<div class=\"elementor-element elementor-element-ee6e555 elementor-widget elementor-widget-image\" data-id=\"ee6e555\" data-element_type=\"widget\" data-e-type=\"widget\" data-widget_type=\"image.default\">\n\t\t\t\t<div class=\"elementor-widget-container\">\n\t\t\t\t\t\t\t\t\t\t\t\t\t\t\t<img decoding=\"async\" width=\"80\" height=\"132\" src=\"https:\/\/www.gen-it.fr\/wp-content\/uploads\/2024\/12\/Capture-decran-2024-12-27-120316.png\" class=\"attachment-large size-large wp-image-973\" alt=\"\" sizes=\"100vw\" \/>\t\t\t\t\t\t\t\t\t\t\t\t\t\t\t<\/div>\n\t\t\t\t<\/div>\n\t\t\t\t<\/div>\n\t\t<div class=\"elementor-element elementor-element-886ac9c e-con-full e-flex e-con e-child\" data-id=\"886ac9c\" data-element_type=\"container\" data-e-type=\"container\">\n\t\t\t\t<div class=\"elementor-element elementor-element-d9cb5d7 elementor-widget elementor-widget-text-editor\" data-id=\"d9cb5d7\" data-element_type=\"widget\" data-e-type=\"widget\" data-widget_type=\"text-editor.default\">\n\t\t\t\t<div class=\"elementor-widget-container\">\n\t\t\t\t\t\t\t\t\t<p><b>\u00a0<\/b><\/p><p><b>Hugo\u00a0<\/b><\/p><p>Ing\u00e9nieur Syst\u00e8mes R\u00e9seaux et S\u00e9curit\u00e9<\/p>\t\t\t\t\t\t\t\t<\/div>\n\t\t\t\t<\/div>\n\t\t\t\t<\/div>\n\t\t\t\t\t<\/div>\n\t\t\t\t<\/div>\n\t\t<div class=\"elementor-element elementor-element-8ead22a e-flex e-con-boxed e-con e-parent\" data-id=\"8ead22a\" data-element_type=\"container\" data-e-type=\"container\">\n\t\t\t\t\t<div class=\"e-con-inner\">\n\t\t<div class=\"elementor-element elementor-element-4030d99 e-con-full e-flex e-con e-child\" data-id=\"4030d99\" data-element_type=\"container\" data-e-type=\"container\">\n\t\t\t\t<div class=\"elementor-element elementor-element-7b32736 elementor-widget elementor-widget-image\" data-id=\"7b32736\" data-element_type=\"widget\" data-e-type=\"widget\" data-widget_type=\"image.default\">\n\t\t\t\t<div class=\"elementor-widget-container\">\n\t\t\t\t\t\t\t\t\t\t\t\t\t\t\t<img decoding=\"async\" width=\"80\" height=\"132\" src=\"https:\/\/www.gen-it.fr\/wp-content\/uploads\/2024\/12\/Capture-decran-2024-12-27-120316.png\" class=\"attachment-large size-large wp-image-973\" alt=\"\" sizes=\"100vw\" \/>\t\t\t\t\t\t\t\t\t\t\t\t\t\t\t<\/div>\n\t\t\t\t<\/div>\n\t\t\t\t<\/div>\n\t\t<div class=\"elementor-element elementor-element-76dc729 e-con-full e-flex e-con e-child\" data-id=\"76dc729\" data-element_type=\"container\" data-e-type=\"container\">\n\t\t\t\t<div class=\"elementor-element elementor-element-9ceba52 elementor-widget elementor-widget-text-editor\" data-id=\"9ceba52\" data-element_type=\"widget\" data-e-type=\"widget\" data-widget_type=\"text-editor.default\">\n\t\t\t\t<div class=\"elementor-widget-container\">\n\t\t\t\t\t\t\t\t\t<p><b><br \/>Gw\u00e9na\u00eblle\u00a0<\/b><\/p><p>Assistante de Direction, Responsable Administrative et Comptabilit\u00e9<\/p>\t\t\t\t\t\t\t\t<\/div>\n\t\t\t\t<\/div>\n\t\t\t\t<\/div>\n\t\t\t\t\t<\/div>\n\t\t\t\t<\/div>\n\t\t<div class=\"elementor-element elementor-element-bb50522 e-flex e-con-boxed e-con e-parent\" data-id=\"bb50522\" data-element_type=\"container\" data-e-type=\"container\">\n\t\t\t\t\t<div class=\"e-con-inner\">\n\t\t\t\t<div class=\"elementor-element elementor-element-d0519e9 elementor-align-center elementor-widget elementor-widget-button\" data-id=\"d0519e9\" data-element_type=\"widget\" data-e-type=\"widget\" data-widget_type=\"button.default\">\n\t\t\t\t<div class=\"elementor-widget-container\">\n\t\t\t\t\t\t\t\t\t<div class=\"elementor-button-wrapper\">\n\t\t\t\t\t<a class=\"elementor-button elementor-button-link elementor-size-sm\" href=\"https:\/\/www.gen-it.fr\/?page_id=80\">\n\t\t\t\t\t\t<span class=\"elementor-button-content-wrapper\">\n\t\t\t\t\t\t\t\t\t<span class=\"elementor-button-text\">Contactez nous <\/span>\n\t\t\t\t\t<\/span>\n\t\t\t\t\t<\/a>\n\t\t\t\t<\/div>\n\t\t\t\t\t\t\t\t<\/div>\n\t\t\t\t<\/div>\n\t\t\t\t\t<\/div>\n\t\t\t\t<\/div>\n\t\t\t\t<\/div>\n\t\t","protected":false},"excerpt":{"rendered":"<p>\u00a0 Philippe\u00a0 Pr\u00e9sident, Architecte Infrastructures et Commercial \u00a0 Th\u00e9o\u00a0 Ing\u00e9nieur Syst\u00e8mes R\u00e9seaux et S\u00e9curit\u00e9 \u00a0 Hugo\u00a0 Ing\u00e9nieur Syst\u00e8mes R\u00e9seaux et S\u00e9curit\u00e9 Gw\u00e9na\u00eblle\u00a0 Assistante de Direction, Responsable Administrative et Comptabilit\u00e9 Contactez nous<\/p>\n","protected":false},"author":4,"featured_media":0,"parent":0,"menu_order":0,"comment_status":"closed","ping_status":"closed","template":"","meta":{"inspiro_hide_title":false,"footnotes":""},"class_list":["post-109","page","type-page","status-publish","hentry"],"featured_media_urls":[],"_links":{"self":[{"href":"https:\/\/www.gen-it.fr\/index.php?rest_route=\/wp\/v2\/pages\/109","targetHints":{"allow":["GET"]}}],"collection":[{"href":"https:\/\/www.gen-it.fr\/index.php?rest_route=\/wp\/v2\/pages"}],"about":[{"href":"https:\/\/www.gen-it.fr\/index.php?rest_route=\/wp\/v2\/types\/page"}],"author":[{"embeddable":true,"href":"https:\/\/www.gen-it.fr\/index.php?rest_route=\/wp\/v2\/users\/4"}],"replies":[{"embeddable":true,"href":"https:\/\/www.gen-it.fr\/index.php?rest_route=%2Fwp%2Fv2%2Fcomments&post=109"}],"version-history":[{"count":51,"href":"https:\/\/www.gen-it.fr\/index.php?rest_route=\/wp\/v2\/pages\/109\/revisions"}],"predecessor-version":[{"id":1271,"href":"https:\/\/www.gen-it.fr\/index.php?rest_route=\/wp\/v2\/pages\/109\/revisions\/1271"}],"wp:attachment":[{"href":"https:\/\/www.gen-it.fr\/index.php?rest_route=%2Fwp%2Fv2%2Fmedia&parent=109"}],"curies":[{"name":"wp","href":"https:\/\/api.w.org\/{rel}","templated":true}]}}