{"id":103,"date":"2024-11-27T16:31:22","date_gmt":"2024-11-27T15:31:22","guid":{"rendered":"https:\/\/www.gen-it.fr\/?page_id=103"},"modified":"2024-12-27T12:45:43","modified_gmt":"2024-12-27T11:45:43","slug":"services-a-la-carte","status":"publish","type":"page","link":"https:\/\/www.gen-it.fr\/?page_id=103","title":{"rendered":"Services \u00e0 la carte"},"content":{"rendered":"\t\t<div data-elementor-type=\"wp-page\" data-elementor-id=\"103\" class=\"elementor elementor-103\">\n\t\t\t\t<div class=\"elementor-element elementor-element-22069fe e-flex e-con-boxed e-con e-parent\" data-id=\"22069fe\" data-element_type=\"container\" data-e-type=\"container\">\n\t\t\t\t\t<div class=\"e-con-inner\">\n\t\t\t\t\t<\/div>\n\t\t\t\t<\/div>\n\t\t<div class=\"elementor-element elementor-element-ce26670 e-flex e-con-boxed e-con e-parent\" data-id=\"ce26670\" data-element_type=\"container\" data-e-type=\"container\">\n\t\t\t\t\t<div class=\"e-con-inner\">\n\t\t\t\t<div class=\"elementor-element elementor-element-1d56608 elementor-widget elementor-widget-heading\" data-id=\"1d56608\" data-element_type=\"widget\" data-e-type=\"widget\" data-widget_type=\"heading.default\">\n\t\t\t\t<div class=\"elementor-widget-container\">\n\t\t\t\t\t<h1 class=\"elementor-heading-title elementor-size-default\">Des solutions num\u00e9riques sur mesure pour r\u00e9pondre \u00e0 vos besoins sp\u00e9cifiques.<br><\/h1>\t\t\t\t<\/div>\n\t\t\t\t<\/div>\n\t\t\t\t\t<\/div>\n\t\t\t\t<\/div>\n\t\t<div class=\"elementor-element elementor-element-994ea44 e-flex e-con-boxed e-con e-parent\" data-id=\"994ea44\" data-element_type=\"container\" data-e-type=\"container\">\n\t\t\t\t\t<div class=\"e-con-inner\">\n\t\t\t\t<div class=\"elementor-element elementor-element-ee47735 elementor-widget elementor-widget-text-editor\" data-id=\"ee47735\" data-element_type=\"widget\" data-e-type=\"widget\" data-widget_type=\"text-editor.default\">\n\t\t\t\t<div class=\"elementor-widget-container\">\n\t\t\t\t\t\t\t\t\t<p class=\"MsoNormal\">Chaque entreprise est unique, nous pensons donc que vos outils num\u00e9riques doivent refl\u00e9ter vos besoins sp\u00e9cifiques. Avec nos services \u00e0 la carte, nous vous accompagnons dans la conception et la mise en place de solutions personnalis\u00e9es pour optimiser vos processus et acc\u00e9l\u00e9rer votre transformation num\u00e9rique.\u00a0<\/p>\t\t\t\t\t\t\t\t<\/div>\n\t\t\t\t<\/div>\n\t\t\t\t\t<\/div>\n\t\t\t\t<\/div>\n\t\t<div class=\"elementor-element elementor-element-ca423b6 e-flex e-con-boxed e-con e-parent\" data-id=\"ca423b6\" data-element_type=\"container\" data-e-type=\"container\">\n\t\t\t\t\t<div class=\"e-con-inner\">\n\t\t<div class=\"elementor-element elementor-element-ecfafac e-con-full e-flex e-con e-child\" data-id=\"ecfafac\" data-element_type=\"container\" data-e-type=\"container\">\n\t\t\t\t<div class=\"elementor-element elementor-element-1d58334 elementor-widget elementor-widget-image\" data-id=\"1d58334\" data-element_type=\"widget\" data-e-type=\"widget\" data-widget_type=\"image.default\">\n\t\t\t\t<div class=\"elementor-widget-container\">\n\t\t\t\t\t\t\t\t\t\t\t\t\t\t\t<img decoding=\"async\" width=\"166\" height=\"168\" src=\"https:\/\/www.gen-it.fr\/wp-content\/uploads\/2024\/12\/Capture-decran-2024-12-10-162734.png\" class=\"attachment-large size-large wp-image-672\" alt=\"\" sizes=\"100vw\" \/>\t\t\t\t\t\t\t\t\t\t\t\t\t\t\t<\/div>\n\t\t\t\t<\/div>\n\t\t\t\t<\/div>\n\t\t<div class=\"elementor-element elementor-element-9104a16 e-con-full e-flex e-con e-child\" data-id=\"9104a16\" data-element_type=\"container\" data-e-type=\"container\">\n\t\t\t\t<div class=\"elementor-element elementor-element-a1358ac elementor-widget elementor-widget-text-editor\" data-id=\"a1358ac\" data-element_type=\"widget\" data-e-type=\"widget\" data-widget_type=\"text-editor.default\">\n\t\t\t\t<div class=\"elementor-widget-container\">\n\t\t\t\t\t\t\t\t\t<p><b>Logiciels m\u00e9tier personnalis\u00e9s<\/b><\/p><p>D\u00e9veloppement et int\u00e9gration de logiciels sp\u00e9cifiques\u00a0: cr\u00e9ation d\u2019outils sur-mesure pour r\u00e9pondre aux exigences de votre activit\u00e9, qu\u2019il s\u2019agisse d\u2019un outil de gestion interne, d\u2019un suivi de production ou d\u2019un autre besoin m\u00e9tier.\u00a0<\/p>\t\t\t\t\t\t\t\t<\/div>\n\t\t\t\t<\/div>\n\t\t\t\t<\/div>\n\t\t\t\t\t<\/div>\n\t\t\t\t<\/div>\n\t\t<div class=\"elementor-element elementor-element-e783933 e-con-full e-flex e-con e-parent\" data-id=\"e783933\" data-element_type=\"container\" data-e-type=\"container\">\n\t\t<div class=\"elementor-element elementor-element-1b0eb6d e-con-full e-flex e-con e-child\" data-id=\"1b0eb6d\" data-element_type=\"container\" data-e-type=\"container\">\n\t\t\t\t<div class=\"elementor-element elementor-element-45a30a5 elementor-widget elementor-widget-image\" data-id=\"45a30a5\" data-element_type=\"widget\" data-e-type=\"widget\" data-widget_type=\"image.default\">\n\t\t\t\t<div class=\"elementor-widget-container\">\n\t\t\t\t\t\t\t\t\t\t\t\t\t\t\t<img decoding=\"async\" width=\"200\" height=\"132\" src=\"https:\/\/www.gen-it.fr\/wp-content\/uploads\/2024\/12\/Capture-decran-2024-12-10-162757.png\" class=\"attachment-large size-large wp-image-673\" alt=\"\" sizes=\"100vw\" \/>\t\t\t\t\t\t\t\t\t\t\t\t\t\t\t<\/div>\n\t\t\t\t<\/div>\n\t\t\t\t<\/div>\n\t\t<div class=\"elementor-element elementor-element-6d902f2 e-con-full e-flex e-con e-child\" data-id=\"6d902f2\" data-element_type=\"container\" data-e-type=\"container\">\n\t\t\t\t<div class=\"elementor-element elementor-element-2e83cd3 elementor-widget elementor-widget-text-editor\" data-id=\"2e83cd3\" data-element_type=\"widget\" data-e-type=\"widget\" data-widget_type=\"text-editor.default\">\n\t\t\t\t<div class=\"elementor-widget-container\">\n\t\t\t\t\t\t\t\t\t<p class=\"MsoNormal\"><b>Mise en place d&rsquo;ERP\/ CRM<\/b><\/p><p class=\"MsoNormal\"><span style=\"color: var( --e-global-color-text ); font-family: var( --e-global-typography-text-font-family ), Sans-serif; font-weight: var( --e-global-typography-text-font-weight ); text-align: var(--text-align);\">ERP (Entreprise ressource planning)\u00a0: Centralisez la gestion de vos op\u00e9rations avec un syst\u00e8me int\u00e9gr\u00e9 et \u00e9volutif.<\/span><\/p><p class=\"MsoNormal\"><span style=\"color: var( --e-global-color-text ); font-family: var( --e-global-typography-text-font-family ), Sans-serif; font-weight: var( --e-global-typography-text-font-weight ); text-align: var(--text-align);\">CRM (Customer relationship management)\u00a0: Am\u00e9liorez la relation client avec des outils qui structurent vos interactions, suivez vos prospects et boostez la fid\u00e9lisation.\u00a0<\/span><\/p>\t\t\t\t\t\t\t\t<\/div>\n\t\t\t\t<\/div>\n\t\t\t\t<\/div>\n\t\t\t\t<\/div>\n\t\t<div class=\"elementor-element elementor-element-ca0e077 e-flex e-con-boxed e-con e-parent\" data-id=\"ca0e077\" data-element_type=\"container\" data-e-type=\"container\">\n\t\t\t\t\t<div class=\"e-con-inner\">\n\t\t<div class=\"elementor-element elementor-element-7b2043b e-con-full e-flex e-con e-child\" data-id=\"7b2043b\" data-element_type=\"container\" data-e-type=\"container\">\n\t\t\t\t<div class=\"elementor-element elementor-element-de8f923 elementor-widget elementor-widget-image\" data-id=\"de8f923\" data-element_type=\"widget\" data-e-type=\"widget\" data-widget_type=\"image.default\">\n\t\t\t\t<div class=\"elementor-widget-container\">\n\t\t\t\t\t\t\t\t\t\t\t\t\t\t\t<img decoding=\"async\" width=\"168\" height=\"153\" src=\"https:\/\/www.gen-it.fr\/wp-content\/uploads\/2024\/12\/Capture-decran-2024-12-10-162811.png\" class=\"attachment-large size-large wp-image-674\" alt=\"\" sizes=\"100vw\" \/>\t\t\t\t\t\t\t\t\t\t\t\t\t\t\t<\/div>\n\t\t\t\t<\/div>\n\t\t\t\t<\/div>\n\t\t<div class=\"elementor-element elementor-element-78e79b9 e-con-full e-flex e-con e-child\" data-id=\"78e79b9\" data-element_type=\"container\" data-e-type=\"container\">\n\t\t\t\t<div class=\"elementor-element elementor-element-5513281 elementor-widget elementor-widget-text-editor\" data-id=\"5513281\" data-element_type=\"widget\" data-e-type=\"widget\" data-widget_type=\"text-editor.default\">\n\t\t\t\t<div class=\"elementor-widget-container\">\n\t\t\t\t\t\t\t\t\t<p><b>Cr\u00e9ation de site web professionnels<\/b><\/p><p>Conception et r\u00e9alisation sur-mesure\u00a0: d\u00e9velopper un site moderne qui refl\u00e8te l\u2019image de votre entreprise. Que ce soit pour pr\u00e9senter vos services ou informer vos clients, nous adaptons le design et fonctionnalit\u00e9s \u00e0 vos objectifs.<\/p><p>D\u00e9ploiement cl\u00e9s en main\u00a0: h\u00e9bergement, r\u00e9f\u00e9rencement naturel (SEO) et int\u00e9gration de contenus.\u00a0<\/p>\t\t\t\t\t\t\t\t<\/div>\n\t\t\t\t<\/div>\n\t\t\t\t<\/div>\n\t\t\t\t\t<\/div>\n\t\t\t\t<\/div>\n\t\t<div class=\"elementor-element elementor-element-3cff5c9 e-flex e-con-boxed e-con e-parent\" data-id=\"3cff5c9\" data-element_type=\"container\" data-e-type=\"container\">\n\t\t\t\t\t<div class=\"e-con-inner\">\n\t\t\t\t<div class=\"elementor-element elementor-element-4008cb2 elementor-widget elementor-widget-text-editor\" data-id=\"4008cb2\" data-element_type=\"widget\" data-e-type=\"widget\" data-widget_type=\"text-editor.default\">\n\t\t\t\t<div class=\"elementor-widget-container\">\n\t\t\t\t\t\t\t\t\t<p class=\"MsoNormal\">Votre besoin, notre solution. Faites de votre informatique un levier de croissance avec nos services sur mesure.\u00a0<\/p>\t\t\t\t\t\t\t\t<\/div>\n\t\t\t\t<\/div>\n\t\t\t\t\t<\/div>\n\t\t\t\t<\/div>\n\t\t<div class=\"elementor-element elementor-element-d186f1f e-flex e-con-boxed e-con e-parent\" data-id=\"d186f1f\" data-element_type=\"container\" data-e-type=\"container\">\n\t\t\t\t\t<div class=\"e-con-inner\">\n\t\t\t\t<div class=\"elementor-element elementor-element-bfe4587 elementor-align-center elementor-widget elementor-widget-button\" data-id=\"bfe4587\" data-element_type=\"widget\" data-e-type=\"widget\" data-widget_type=\"button.default\">\n\t\t\t\t<div class=\"elementor-widget-container\">\n\t\t\t\t\t\t\t\t\t<div class=\"elementor-button-wrapper\">\n\t\t\t\t\t<a class=\"elementor-button elementor-button-link elementor-size-sm\" href=\"https:\/\/www.gen-it.fr\/?page_id=80\">\n\t\t\t\t\t\t<span class=\"elementor-button-content-wrapper\">\n\t\t\t\t\t\t\t\t\t<span class=\"elementor-button-text\">Demandez des informations compl\u00e9mentaires<\/span>\n\t\t\t\t\t<\/span>\n\t\t\t\t\t<\/a>\n\t\t\t\t<\/div>\n\t\t\t\t\t\t\t\t<\/div>\n\t\t\t\t<\/div>\n\t\t\t\t\t<\/div>\n\t\t\t\t<\/div>\n\t\t\t\t<\/div>\n\t\t","protected":false},"excerpt":{"rendered":"<p>Des solutions num\u00e9riques sur mesure pour r\u00e9pondre \u00e0 vos besoins sp\u00e9cifiques. Chaque entreprise est unique, nous pensons donc que vos outils num\u00e9riques doivent refl\u00e9ter vos besoins sp\u00e9cifiques. Avec nos services \u00e0 la carte, nous vous accompagnons dans la conception et la mise en place de solutions personnalis\u00e9es pour optimiser vos processus et acc\u00e9l\u00e9rer votre transformation &hellip; <\/p>\n<p class=\"link-more\"><a href=\"https:\/\/www.gen-it.fr\/?page_id=103\" class=\"more-link\">Lire la suite de<span class=\"screen-reader-text\">\u00ab\u00a0Services \u00e0 la carte\u00a0\u00bb<\/span><\/a><\/p>\n","protected":false},"author":4,"featured_media":0,"parent":0,"menu_order":0,"comment_status":"closed","ping_status":"closed","template":"","meta":{"inspiro_hide_title":false,"footnotes":""},"class_list":["post-103","page","type-page","status-publish","hentry"],"featured_media_urls":[],"_links":{"self":[{"href":"https:\/\/www.gen-it.fr\/index.php?rest_route=\/wp\/v2\/pages\/103","targetHints":{"allow":["GET"]}}],"collection":[{"href":"https:\/\/www.gen-it.fr\/index.php?rest_route=\/wp\/v2\/pages"}],"about":[{"href":"https:\/\/www.gen-it.fr\/index.php?rest_route=\/wp\/v2\/types\/page"}],"author":[{"embeddable":true,"href":"https:\/\/www.gen-it.fr\/index.php?rest_route=\/wp\/v2\/users\/4"}],"replies":[{"embeddable":true,"href":"https:\/\/www.gen-it.fr\/index.php?rest_route=%2Fwp%2Fv2%2Fcomments&post=103"}],"version-history":[{"count":22,"href":"https:\/\/www.gen-it.fr\/index.php?rest_route=\/wp\/v2\/pages\/103\/revisions"}],"predecessor-version":[{"id":1022,"href":"https:\/\/www.gen-it.fr\/index.php?rest_route=\/wp\/v2\/pages\/103\/revisions\/1022"}],"wp:attachment":[{"href":"https:\/\/www.gen-it.fr\/index.php?rest_route=%2Fwp%2Fv2%2Fmedia&parent=103"}],"curies":[{"name":"wp","href":"https:\/\/api.w.org\/{rel}","templated":true}]}}